{"id":3889,"date":"2022-01-26T05:46:03","date_gmt":"2022-01-26T05:46:03","guid":{"rendered":"https:\/\/dragonbojano.pl\/?page_id=3889"},"modified":"2023-10-07T12:30:40","modified_gmt":"2023-10-07T12:30:40","slug":"do-pobrania","status":"publish","type":"page","link":"https:\/\/dragonbojano.pl\/?page_id=3889","title":{"rendered":"Do Pobrania"},"content":{"rendered":"\n<div class=\"wp-block-file\"><a id=\"wp-block-file--media-c339c0f7-357b-4863-b6b2-0becc3a54514\" href=\"https:\/\/dragonbojano.pl\/wp-content\/uploads\/2023\/02\/DGA-niepelnoletni-Bojano.pdf\">Deklaracja Gry Amatora &#8211; zawodnik niepe\u0142noletni<\/a><a href=\"https:\/\/dragonbojano.pl\/wp-content\/uploads\/2023\/02\/DGA-niepelnoletni-Bojano.pdf\" class=\"wp-block-file__button wp-element-button\" download aria-describedby=\"wp-block-file--media-c339c0f7-357b-4863-b6b2-0becc3a54514\">Pobierz<\/a><\/div>\n\n\n\n<div class=\"wp-block-file\"><a id=\"wp-block-file--media-c339c0f7-357b-4863-b6b2-0becc3a54514\" href=\"https:\/\/dragonbojano.pl\/wp-content\/uploads\/2023\/10\/DGA-pelnoletni-BOJANO-pdf-212x300.jpg\">Deklaracja Gry Amatora &#8211; zawodnik pe\u0142noletni<\/a><a href=\"https:\/\/dragonbojano.pl\/wp-content\/uploads\/2023\/02\/DGA-niepelnoletni-Bojano.pdf\" class=\"wp-block-file__button wp-element-button\" download aria-describedby=\"wp-block-file--media-c339c0f7-357b-4863-b6b2-0becc3a54514\">Pobierz<\/a><\/div>\n\n\n\n<div class=\"wp-block-file\"><a id=\"wp-block-file--media-1620dccf-194c-47d8-9f48-0e09cf224a94\" href=\"https:\/\/dragonbojano.pl\/wp-content\/uploads\/2023\/02\/Rodo.pdf\">O\u015bwiadczenie o wyra\u017ceniu zgody na przetwarzanie i przekazywanie danych osobowych <\/a><a href=\"https:\/\/dragonbojano.pl\/wp-content\/uploads\/2023\/02\/Rodo.pdf\" class=\"wp-block-file__button wp-element-button\" download aria-describedby=\"wp-block-file--media-1620dccf-194c-47d8-9f48-0e09cf224a94\">Pobierz<\/a><\/div>\n\n\n\n<div class=\"wp-block-file\"><a id=\"wp-block-file--media-00ee99c6-754d-4ac6-b375-3dcdffb61c64\" href=\"https:\/\/dragonbojano.pl\/wp-content\/uploads\/2023\/02\/zgoda-na-udzial-w-treningach-szkolki.pdf\">O\u015bwiadczenie o wyra\u017ceniu zgody na udzia\u0142 dziecka w treningach szk\u00f3\u0142ki pi\u0142karskiej <\/a><a href=\"https:\/\/dragonbojano.pl\/wp-content\/uploads\/2023\/02\/zgoda-na-udzial-w-treningach-szkolki.pdf\" class=\"wp-block-file__button wp-element-button\" download aria-describedby=\"wp-block-file--media-00ee99c6-754d-4ac6-b375-3dcdffb61c64\">Pobierz<\/a><\/div>\n\n\n\n<div class=\"wp-block-file\"><a id=\"wp-block-file--media-32373e7a-324d-43ea-9d72-b3751f5cb8e3\" href=\"https:\/\/dragonbojano.pl\/wp-content\/uploads\/2023\/02\/Zgoda-Na-Udzial-w-Treningach-2022.pdf\">Zgoda na udzia\u0142 dziecka w treningach, turniejach i meczach ligowych<\/a><a href=\"https:\/\/dragonbojano.pl\/wp-content\/uploads\/2023\/02\/Zgoda-Na-Udzial-w-Treningach-2022.pdf\" class=\"wp-block-file__button wp-element-button\" download aria-describedby=\"wp-block-file--media-32373e7a-324d-43ea-9d72-b3751f5cb8e3\">Pobierz<\/a><\/div>\n","protected":false},"excerpt":{"rendered":"","protected":false},"author":1,"featured_media":0,"parent":0,"menu_order":0,"comment_status":"closed","ping_status":"closed","template":"","meta":{"footnotes":"","_links_to":"","_links_to_target":""},"class_list":["post-3889","page","type-page","status-publish","hentry"],"yoast_head":"<!-- This site is optimized with the Yoast SEO plugin v22.2 - https:\/\/yoast.com\/wordpress\/plugins\/seo\/ -->\n<title>Do Pobrania - LZS DRAGON BOJANO<\/title>\n<meta name=\"robots\" content=\"index, follow, max-snippet:-1, max-image-preview:large, max-video-preview:-1\" \/>\n<link rel=\"canonical\" href=\"https:\/\/dragonbojano.pl\/?page_id=3889\" \/>\n<meta property=\"og:locale\" content=\"pl_PL\" \/>\n<meta property=\"og:type\" content=\"article\" \/>\n<meta property=\"og:title\" content=\"Do Pobrania - LZS DRAGON BOJANO\" \/>\n<meta property=\"og:url\" content=\"https:\/\/dragonbojano.pl\/?page_id=3889\" \/>\n<meta property=\"og:site_name\" content=\"LZS DRAGON BOJANO\" \/>\n<meta property=\"article:publisher\" content=\"https:\/\/www.facebook.com\/LZSDragonBojano\/\" \/>\n<meta property=\"article:modified_time\" content=\"2023-10-07T12:30:40+00:00\" \/>\n<meta name=\"twitter:card\" content=\"summary_large_image\" \/>\n<meta name=\"twitter:label1\" content=\"Szacowany czas czytania\" \/>\n\t<meta name=\"twitter:data1\" content=\"1 minuta\" \/>\n<script type=\"application\/ld+json\" class=\"yoast-schema-graph\">{\"@context\":\"https:\/\/schema.org\",\"@graph\":[{\"@type\":\"WebPage\",\"@id\":\"https:\/\/dragonbojano.pl\/?page_id=3889\",\"url\":\"https:\/\/dragonbojano.pl\/?page_id=3889\",\"name\":\"Do Pobrania - LZS DRAGON BOJANO\",\"isPartOf\":{\"@id\":\"https:\/\/dragonbojano.pl\/#website\"},\"datePublished\":\"2022-01-26T05:46:03+00:00\",\"dateModified\":\"2023-10-07T12:30:40+00:00\",\"breadcrumb\":{\"@id\":\"https:\/\/dragonbojano.pl\/?page_id=3889#breadcrumb\"},\"inLanguage\":\"pl-PL\",\"potentialAction\":[{\"@type\":\"ReadAction\",\"target\":[\"https:\/\/dragonbojano.pl\/?page_id=3889\"]}]},{\"@type\":\"BreadcrumbList\",\"@id\":\"https:\/\/dragonbojano.pl\/?page_id=3889#breadcrumb\",\"itemListElement\":[{\"@type\":\"ListItem\",\"position\":1,\"name\":\"Strona g\u0142\u00f3wna\",\"item\":\"https:\/\/dragonbojano.pl\/\"},{\"@type\":\"ListItem\",\"position\":2,\"name\":\"Do Pobrania\"}]},{\"@type\":\"WebSite\",\"@id\":\"https:\/\/dragonbojano.pl\/#website\",\"url\":\"https:\/\/dragonbojano.pl\/\",\"name\":\"LZS DRAGON BOJANO\",\"description\":\"- - - Program \u201eCertyfikacji PZPN dla szk\u00f3\u0142ek pi\u0142karskich\u201d  jest dofinansowany ze \u015brodk\u00f3w Ministerstwa Sportu i Turystyki  - - - Zadania klubu s\u0105 wspierane z bud\u017cetu Gminy Szemud\",\"publisher\":{\"@id\":\"https:\/\/dragonbojano.pl\/#organization\"},\"potentialAction\":[{\"@type\":\"SearchAction\",\"target\":{\"@type\":\"EntryPoint\",\"urlTemplate\":\"https:\/\/dragonbojano.pl\/?s={search_term_string}\"},\"query-input\":\"required name=search_term_string\"}],\"inLanguage\":\"pl-PL\"},{\"@type\":\"Organization\",\"@id\":\"https:\/\/dragonbojano.pl\/#organization\",\"name\":\"LZS Dragon Bojano\",\"url\":\"https:\/\/dragonbojano.pl\/\",\"logo\":{\"@type\":\"ImageObject\",\"inLanguage\":\"pl-PL\",\"@id\":\"https:\/\/dragonbojano.pl\/#\/schema\/logo\/image\/\",\"url\":\"https:\/\/dragonbojano.pl\/wp-content\/uploads\/2018\/12\/10731013_561763360636617_6073793889999046557_n.png\",\"contentUrl\":\"https:\/\/dragonbojano.pl\/wp-content\/uploads\/2018\/12\/10731013_561763360636617_6073793889999046557_n.png\",\"width\":459,\"height\":459,\"caption\":\"LZS Dragon Bojano\"},\"image\":{\"@id\":\"https:\/\/dragonbojano.pl\/#\/schema\/logo\/image\/\"},\"sameAs\":[\"https:\/\/www.facebook.com\/LZSDragonBojano\/\",\"https:\/\/www.instagram.com\/lzsdragonbojano\/?hl=pl\"]}]}<\/script>\n<!-- \/ Yoast SEO plugin. -->","yoast_head_json":{"title":"Do Pobrania - LZS DRAGON BOJANO","robots":{"index":"index","follow":"follow","max-snippet":"max-snippet:-1","max-image-preview":"max-image-preview:large","max-video-preview":"max-video-preview:-1"},"canonical":"https:\/\/dragonbojano.pl\/?page_id=3889","og_locale":"pl_PL","og_type":"article","og_title":"Do Pobrania - LZS DRAGON BOJANO","og_url":"https:\/\/dragonbojano.pl\/?page_id=3889","og_site_name":"LZS DRAGON BOJANO","article_publisher":"https:\/\/www.facebook.com\/LZSDragonBojano\/","article_modified_time":"2023-10-07T12:30:40+00:00","twitter_card":"summary_large_image","twitter_misc":{"Szacowany czas czytania":"1 minuta"},"schema":{"@context":"https:\/\/schema.org","@graph":[{"@type":"WebPage","@id":"https:\/\/dragonbojano.pl\/?page_id=3889","url":"https:\/\/dragonbojano.pl\/?page_id=3889","name":"Do Pobrania - LZS DRAGON BOJANO","isPartOf":{"@id":"https:\/\/dragonbojano.pl\/#website"},"datePublished":"2022-01-26T05:46:03+00:00","dateModified":"2023-10-07T12:30:40+00:00","breadcrumb":{"@id":"https:\/\/dragonbojano.pl\/?page_id=3889#breadcrumb"},"inLanguage":"pl-PL","potentialAction":[{"@type":"ReadAction","target":["https:\/\/dragonbojano.pl\/?page_id=3889"]}]},{"@type":"BreadcrumbList","@id":"https:\/\/dragonbojano.pl\/?page_id=3889#breadcrumb","itemListElement":[{"@type":"ListItem","position":1,"name":"Strona g\u0142\u00f3wna","item":"https:\/\/dragonbojano.pl\/"},{"@type":"ListItem","position":2,"name":"Do Pobrania"}]},{"@type":"WebSite","@id":"https:\/\/dragonbojano.pl\/#website","url":"https:\/\/dragonbojano.pl\/","name":"LZS DRAGON BOJANO","description":"- - - Program \u201eCertyfikacji PZPN dla szk\u00f3\u0142ek pi\u0142karskich\u201d  jest dofinansowany ze \u015brodk\u00f3w Ministerstwa Sportu i Turystyki  - - - Zadania klubu s\u0105 wspierane z bud\u017cetu Gminy Szemud","publisher":{"@id":"https:\/\/dragonbojano.pl\/#organization"},"potentialAction":[{"@type":"SearchAction","target":{"@type":"EntryPoint","urlTemplate":"https:\/\/dragonbojano.pl\/?s={search_term_string}"},"query-input":"required name=search_term_string"}],"inLanguage":"pl-PL"},{"@type":"Organization","@id":"https:\/\/dragonbojano.pl\/#organization","name":"LZS Dragon Bojano","url":"https:\/\/dragonbojano.pl\/","logo":{"@type":"ImageObject","inLanguage":"pl-PL","@id":"https:\/\/dragonbojano.pl\/#\/schema\/logo\/image\/","url":"https:\/\/dragonbojano.pl\/wp-content\/uploads\/2018\/12\/10731013_561763360636617_6073793889999046557_n.png","contentUrl":"https:\/\/dragonbojano.pl\/wp-content\/uploads\/2018\/12\/10731013_561763360636617_6073793889999046557_n.png","width":459,"height":459,"caption":"LZS Dragon Bojano"},"image":{"@id":"https:\/\/dragonbojano.pl\/#\/schema\/logo\/image\/"},"sameAs":["https:\/\/www.facebook.com\/LZSDragonBojano\/","https:\/\/www.instagram.com\/lzsdragonbojano\/?hl=pl"]}]}},"_links":{"self":[{"href":"https:\/\/dragonbojano.pl\/index.php?rest_route=\/wp\/v2\/pages\/3889","targetHints":{"allow":["GET"]}}],"collection":[{"href":"https:\/\/dragonbojano.pl\/index.php?rest_route=\/wp\/v2\/pages"}],"about":[{"href":"https:\/\/dragonbojano.pl\/index.php?rest_route=\/wp\/v2\/types\/page"}],"author":[{"embeddable":true,"href":"https:\/\/dragonbojano.pl\/index.php?rest_route=\/wp\/v2\/users\/1"}],"replies":[{"embeddable":true,"href":"https:\/\/dragonbojano.pl\/index.php?rest_route=%2Fwp%2Fv2%2Fcomments&post=3889"}],"version-history":[{"count":8,"href":"https:\/\/dragonbojano.pl\/index.php?rest_route=\/wp\/v2\/pages\/3889\/revisions"}],"predecessor-version":[{"id":4956,"href":"https:\/\/dragonbojano.pl\/index.php?rest_route=\/wp\/v2\/pages\/3889\/revisions\/4956"}],"wp:attachment":[{"href":"https:\/\/dragonbojano.pl\/index.php?rest_route=%2Fwp%2Fv2%2Fmedia&parent=3889"}],"curies":[{"name":"wp","href":"https:\/\/api.w.org\/{rel}","templated":true}]}}